{"id":9131,"date":"2025-02-25T09:25:28","date_gmt":"2025-02-25T08:25:28","guid":{"rendered":"https:\/\/rrr-biocosmetics.com\/?post_type=product&#038;p=9131"},"modified":"2025-02-25T11:30:22","modified_gmt":"2025-02-25T10:30:22","slug":"garrafa-5-litres-gel-de-bany-ecologic","status":"publish","type":"product","link":"https:\/\/rrr-biocosmetics.com\/ca\/producto\/garrafa-5-litres-gel-de-bany-ecologic\/","title":{"rendered":"GARRAFA 5 LITRES GEL DE BANY ECOL\u00d2GIC"},"content":{"rendered":"<div class=\"container782\"><img loading=\"lazy\" decoding=\"async\" class=\"alignnone size-thumbnail wp-image-8911\" src=\"https:\/\/rrr-biocosmetics.com\/wp-content\/uploads\/2025\/02\/iconlovers.svg\" alt=\"\" width=\"40\" height=\"40\" \/><\/div>\n<div class=\"container787\">\n<h4>GARRAFA 5 LITRES GEL DE BANY ECOL\u00d2GIC<\/h4>\n<\/div>\n<p>Cuida la teva pell mentre cuides el planeta amb la nostra garrafa de 5 litres de gel de bany RRR biocosmetics. Aquest format no nom\u00e9s proporciona un producte d&#8217;alta qualitat, sin\u00f3 que tamb\u00e9 fomenta un estil de vida m\u00e9s responsable i sostenible.<\/p>\n<div class=\"container788\">\n<h5>Beneficis sostenibles<\/h5>\n<\/div>\n<ul>\n<li><strong>Omple i reutilitza:<\/strong> Redueix el malbaratament omplint els teus envasos reutilitzables. Aquest format a granel <strong>minimitza la generaci\u00f3 de residus i perllonga la vida<\/strong> \u00fatil dels teus recipients.<\/li>\n<li><strong>Disminueix emissions de CO2:<\/strong> En optar per formats a granel, <strong>redu\u00efxes el transport i el consum d&#8217;envasos petits<\/strong>, contribuint a una petjada de carboni menor.<\/li>\n<li><strong>Qualitat i comprom\u00eds ambiental:<\/strong> El nostre gel de bany \u00e9s <strong>suau per\u00f2 efectiu<\/strong>, que neteja delicadament mentre <strong>hidrata i suavitza<\/strong> la pell.<\/li>\n<\/ul>\n<div class=\"ulinterior\">\n<ul>\n<li><strong>Especialment dissenyat per a pells seques, ut\u00f2piques i sensibles<\/strong>, proporciona una <strong>sensaci\u00f3 de frescor i benestar<\/strong>, deixant la pell amb una <strong>brillantor sedosa.<\/strong> <\/li>\n<li>En acabar la dutxa, sentir\u00e0s la teva pell <strong>hidratada, llisa i perfectament equilibrada.<\/strong><\/li>\n<li>Formulat amb <strong>ingredients naturals, vegans i ecol\u00f2gics certificats \u00e9s respectu\u00f3s amb la pell i el medi ambient.<\/strong><\/li>\n<\/ul>\n<\/div>\n<p>Aquesta garrafa \u00e9s ideal per a llars, gimnasos o negocis que busquen un enfocament sostenible sense renunciar a la qualitat.<strong> Tria el format intel\u00b7ligent que combina qualitat, estalvi, comoditat i sostenibilitat. Omple, reutilitza i redueix amb RRR biocosmetics.<\/strong><\/p>\n<div class=\"spac\">\n<h5>Recollida i reemborsament de garrafes<\/h5>\n<\/div>\n<ul>\n<li><strong>Comprom\u00eds sostenible:<\/strong> Per cada 2 garrafes en bon estat que ens tornis, rebr\u00e0s un reemborsament de <strong>1\u20ac.<\/strong><\/li>\n<li><strong>Proc\u00e9s de reemborsament:<\/strong> Un cop les garrafes arribin a les nostres instal\u00b7lacions de reciclatge i se&#8217;n verifiqui l&#8217;estat, es important que les garrafes s\u2019entreguin amb el seu tap corresponent, es procedir\u00e0 al reemborsament, que ser\u00e0 efectiu en un termini de <strong>5 dies h\u00e0bils.<\/strong><\/li>\n<li><strong>Condicions:<\/strong> La recollida s&#8217;ha de programar quan tinguis un m\u00ednim de <strong>2 garrafes.<\/strong><\/li>\n<\/ul>\n<p>Gr\u00e0cies per unir-te al nostre comprom\u00eds per un m\u00f3n m\u00e9s sostenible. Reciclar mai no va ser tan f\u00e1cil.<\/p>\n<div class=\"spac\">\n<h5>Producte ecol\u00f2gic certificat, veg\u00e0 i biodegradable. Apte per a tota mena de pells.<\/h5>\n<\/div>\n<div class=\"container78\"><img loading=\"lazy\" decoding=\"async\" class=\"alignnone size-thumbnail wp-image-8601\" src=\"https:\/\/rrr-biocosmetics.com\/wp-content\/uploads\/2025\/02\/iconsostenible2.svg\" alt=\"\" width=\"40\" height=\"40\" \/><\/div>\n<div class=\"container787\">\n<h5><a href=\"https:\/\/rrr-biocosmetics.com\/cosmetica-natural-sostenible\/\">Cosm\u00e8tica natural sostenible.<\/a><\/h5>\n<\/div>\n<p><strong>Comprom\u00eds amb el medi ambient:<\/strong> La biocosm\u00e8tica avan\u00e7ada i innovadora lliure de tot all\u00f2 que no vols pel teu cabell i pell ni pel planeta.<\/p>\n<div class=\"container784\"><img loading=\"lazy\" decoding=\"async\" class=\"alignnone size-thumbnail wp-image-8914\" src=\"https:\/\/rrr-biocosmetics.com\/wp-content\/uploads\/2025\/02\/iconplaneta.svg\" alt=\"\" width=\"80\" height=\"80\" \/><\/div>\n<div class=\"container789\">\n<h5>Una acci\u00f3 responsable amb el planeta<\/h5>\n<\/div>\n<p>Amb aquest env\u00e0s cuides el medi ambient. Reutilitza, rec\u00e0rrega i gaudeix d&#8217;una bellesa m\u00e9s sostenible.<\/p>\n","protected":false},"excerpt":{"rendered":"<p><strong>CARACTER\u00cdSTIQUES:<\/strong><\/p>\n<ul>\n<li>Gel de Bany formulat seguint els criteris COSMOS ORGANIC.<\/li>\n<li>Tots els ingredients vegetals provenen de l\u2019agricultura ecol\u00f2gica certificada.<\/li>\n<li>Biodegradable.<\/li>\n<li>Aroma: Floral-afruitada, verda, aquosa.<\/li>\n<li>Capacitat: 5L<\/li>\n<\/ul>\n<p><strong>PRODUCTES &#8220;SENSE&#8221;:<\/strong><\/p>\n<p>* sense silicones ni pol\u00edmers<br \/>\n* sense parabens<br \/>\n* sense PGEs<br \/>\n* sense phenoxyethanol<br \/>\n* sense formaldehid<br \/>\n* sense emulsionants etoxilats<br \/>\n* sense ftalats<br \/>\n* sense frag\u00e0ncies ni perfums qu\u00edmics<br \/>\n* sense al\u00e8rgens<br \/>\n* sense Isotiazolinonas<br \/>\n* sense Polyquaternium<br \/>\n* sense triclosan ni Dietanolamina<\/p>\n","protected":false},"featured_media":9135,"comment_status":"open","ping_status":"closed","template":"","meta":{"_acf_changed":false,"inline_featured_image":false},"product_brand":[],"product_cat":[47],"product_tag":[53],"class_list":{"0":"post-9131","1":"product","2":"type-product","3":"status-publish","4":"has-post-thumbnail","6":"product_cat-gel-de-bany","7":"product_tag-rrrbiocosmetics-ca","9":"first","10":"instock","11":"taxable","12":"shipping-taxable","13":"purchasable","14":"product-type-simple"},"acf":[],"yoast_head":"<!-- This site is optimized with the Yoast SEO plugin v25.5 - https:\/\/yoast.com\/wordpress\/plugins\/seo\/ -->\n<title>Comprar Champ\u00fa Acondicionador Ecol\u00f3gico Online - RRR Biocosmetics<\/title>\n<meta name=\"description\" content=\"Compra online un champ\u00fa acondicionador ecol\u00f3gico, vegano elaborado con ingredientes naturales y org\u00e1nicos. Champ\u00fa acondicionador de aloe vera id\u00f3neo para ayudar a definir los rizos y a combatir el pelo encrespado. \u00a1Entra!\" \/>\n<meta name=\"robots\" content=\"index, follow, max-snippet:-1, max-image-preview:large, max-video-preview:-1\" \/>\n<link rel=\"canonical\" href=\"https:\/\/rrr-biocosmetics.com\/producto\/garrafa-5-litros-gel-de-bano-ecologico\/\" \/>\n<meta property=\"og:locale\" content=\"ca_ES\" \/>\n<meta property=\"og:type\" content=\"article\" \/>\n<meta property=\"og:title\" content=\"Comprar Champ\u00fa Acondicionador Ecol\u00f3gico Online - RRR Biocosmetics\" \/>\n<meta property=\"og:description\" content=\"Compra online un champ\u00fa acondicionador ecol\u00f3gico, vegano elaborado con ingredientes naturales y org\u00e1nicos. Champ\u00fa acondicionador de aloe vera id\u00f3neo para ayudar a definir los rizos y a combatir el pelo encrespado. \u00a1Entra!\" \/>\n<meta property=\"og:url\" content=\"https:\/\/rrr-biocosmetics.com\/producto\/garrafa-5-litros-gel-de-bano-ecologico\/\" \/>\n<meta property=\"og:site_name\" content=\"RRR Biocosmetics\" \/>\n<meta property=\"article:modified_time\" content=\"2025-02-25T10:30:22+00:00\" \/>\n<meta property=\"og:image\" content=\"https:\/\/rrr-biocosmetics.com\/wp-content\/uploads\/2025\/02\/rrr-biocosmetics-garrafa-gel-1.jpg\" \/>\n\t<meta property=\"og:image:width\" content=\"1500\" \/>\n\t<meta property=\"og:image:height\" content=\"1500\" \/>\n\t<meta property=\"og:image:type\" content=\"image\/jpeg\" \/>\n<meta name=\"twitter:card\" content=\"summary_large_image\" \/>\n<meta name=\"twitter:label1\" content=\"Temps estimat de lectura\" \/>\n\t<meta name=\"twitter:data1\" content=\"3 minuts\" \/>\n<script type=\"application\/ld+json\" class=\"yoast-schema-graph\">{\"@context\":\"https:\/\/schema.org\",\"@graph\":[{\"@type\":\"WebPage\",\"@id\":\"https:\/\/rrr-biocosmetics.com\/producto\/garrafa-5-litros-gel-de-bano-ecologico\/\",\"url\":\"https:\/\/rrr-biocosmetics.com\/producto\/garrafa-5-litros-gel-de-bano-ecologico\/\",\"name\":\"Comprar Champ\u00fa Acondicionador Ecol\u00f3gico Online - RRR Biocosmetics\",\"isPartOf\":{\"@id\":\"https:\/\/rrr-biocosmetics.com\/#website\"},\"primaryImageOfPage\":{\"@id\":\"https:\/\/rrr-biocosmetics.com\/producto\/garrafa-5-litros-gel-de-bano-ecologico\/#primaryimage\"},\"image\":{\"@id\":\"https:\/\/rrr-biocosmetics.com\/producto\/garrafa-5-litros-gel-de-bano-ecologico\/#primaryimage\"},\"thumbnailUrl\":\"https:\/\/rrr-biocosmetics.com\/wp-content\/uploads\/2025\/02\/rrr-biocosmetics-garrafa-gel-1.jpg\",\"datePublished\":\"2025-02-25T08:25:28+00:00\",\"dateModified\":\"2025-02-25T10:30:22+00:00\",\"description\":\"Compra online un champ\u00fa acondicionador ecol\u00f3gico, vegano elaborado con ingredientes naturales y org\u00e1nicos. Champ\u00fa acondicionador de aloe vera id\u00f3neo para ayudar a definir los rizos y a combatir el pelo encrespado. \u00a1Entra!\",\"breadcrumb\":{\"@id\":\"https:\/\/rrr-biocosmetics.com\/producto\/garrafa-5-litros-gel-de-bano-ecologico\/#breadcrumb\"},\"inLanguage\":\"ca\",\"potentialAction\":[{\"@type\":\"ReadAction\",\"target\":[\"https:\/\/rrr-biocosmetics.com\/producto\/garrafa-5-litros-gel-de-bano-ecologico\/\"]}]},{\"@type\":\"ImageObject\",\"inLanguage\":\"ca\",\"@id\":\"https:\/\/rrr-biocosmetics.com\/producto\/garrafa-5-litros-gel-de-bano-ecologico\/#primaryimage\",\"url\":\"https:\/\/rrr-biocosmetics.com\/wp-content\/uploads\/2025\/02\/rrr-biocosmetics-garrafa-gel-1.jpg\",\"contentUrl\":\"https:\/\/rrr-biocosmetics.com\/wp-content\/uploads\/2025\/02\/rrr-biocosmetics-garrafa-gel-1.jpg\",\"width\":1500,\"height\":1500},{\"@type\":\"BreadcrumbList\",\"@id\":\"https:\/\/rrr-biocosmetics.com\/producto\/garrafa-5-litros-gel-de-bano-ecologico\/#breadcrumb\",\"itemListElement\":[{\"@type\":\"ListItem\",\"position\":1,\"name\":\"Portada\",\"item\":\"https:\/\/rrr-biocosmetics.com\/ca\/rrrbiocosmetics\/\"},{\"@type\":\"ListItem\",\"position\":2,\"name\":\"Productos\",\"item\":\"https:\/\/rrr-biocosmetics.com\/shop\/\"},{\"@type\":\"ListItem\",\"position\":3,\"name\":\"GARRAFA 5 LITRES GEL DE BANY ECOL\u00d2GIC\"}]},{\"@type\":\"WebSite\",\"@id\":\"https:\/\/rrr-biocosmetics.com\/#website\",\"url\":\"https:\/\/rrr-biocosmetics.com\/\",\"name\":\"RRR Biocosmetics\",\"description\":\"Reduces Reutilizas Reciclas\",\"publisher\":{\"@id\":\"https:\/\/rrr-biocosmetics.com\/#organization\"},\"potentialAction\":[{\"@type\":\"SearchAction\",\"target\":{\"@type\":\"EntryPoint\",\"urlTemplate\":\"https:\/\/rrr-biocosmetics.com\/?s={search_term_string}\"},\"query-input\":{\"@type\":\"PropertyValueSpecification\",\"valueRequired\":true,\"valueName\":\"search_term_string\"}}],\"inLanguage\":\"ca\"},{\"@type\":\"Organization\",\"@id\":\"https:\/\/rrr-biocosmetics.com\/#organization\",\"name\":\"RRR Biocosmetics\",\"url\":\"https:\/\/rrr-biocosmetics.com\/\",\"logo\":{\"@type\":\"ImageObject\",\"inLanguage\":\"ca\",\"@id\":\"https:\/\/rrr-biocosmetics.com\/#\/schema\/logo\/image\/\",\"url\":\"https:\/\/rrr-biocosmetics.com\/wp-content\/uploads\/2020\/05\/logo-sota-gif.png\",\"contentUrl\":\"https:\/\/rrr-biocosmetics.com\/wp-content\/uploads\/2020\/05\/logo-sota-gif.png\",\"width\":650,\"height\":84,\"caption\":\"RRR Biocosmetics\"},\"image\":{\"@id\":\"https:\/\/rrr-biocosmetics.com\/#\/schema\/logo\/image\/\"}}]}<\/script>\n<!-- \/ Yoast SEO plugin. -->","yoast_head_json":{"title":"Comprar Champ\u00fa Acondicionador Ecol\u00f3gico Online - RRR Biocosmetics","description":"Compra online un champ\u00fa acondicionador ecol\u00f3gico, vegano elaborado con ingredientes naturales y org\u00e1nicos. Champ\u00fa acondicionador de aloe vera id\u00f3neo para ayudar a definir los rizos y a combatir el pelo encrespado. \u00a1Entra!","robots":{"index":"index","follow":"follow","max-snippet":"max-snippet:-1","max-image-preview":"max-image-preview:large","max-video-preview":"max-video-preview:-1"},"canonical":"https:\/\/rrr-biocosmetics.com\/producto\/garrafa-5-litros-gel-de-bano-ecologico\/","og_locale":"ca_ES","og_type":"article","og_title":"Comprar Champ\u00fa Acondicionador Ecol\u00f3gico Online - RRR Biocosmetics","og_description":"Compra online un champ\u00fa acondicionador ecol\u00f3gico, vegano elaborado con ingredientes naturales y org\u00e1nicos. Champ\u00fa acondicionador de aloe vera id\u00f3neo para ayudar a definir los rizos y a combatir el pelo encrespado. \u00a1Entra!","og_url":"https:\/\/rrr-biocosmetics.com\/producto\/garrafa-5-litros-gel-de-bano-ecologico\/","og_site_name":"RRR Biocosmetics","article_modified_time":"2025-02-25T10:30:22+00:00","og_image":[{"width":1500,"height":1500,"url":"https:\/\/rrr-biocosmetics.com\/wp-content\/uploads\/2025\/02\/rrr-biocosmetics-garrafa-gel-1.jpg","type":"image\/jpeg"}],"twitter_card":"summary_large_image","twitter_misc":{"Temps estimat de lectura":"3 minuts"},"schema":{"@context":"https:\/\/schema.org","@graph":[{"@type":"WebPage","@id":"https:\/\/rrr-biocosmetics.com\/producto\/garrafa-5-litros-gel-de-bano-ecologico\/","url":"https:\/\/rrr-biocosmetics.com\/producto\/garrafa-5-litros-gel-de-bano-ecologico\/","name":"Comprar Champ\u00fa Acondicionador Ecol\u00f3gico Online - RRR Biocosmetics","isPartOf":{"@id":"https:\/\/rrr-biocosmetics.com\/#website"},"primaryImageOfPage":{"@id":"https:\/\/rrr-biocosmetics.com\/producto\/garrafa-5-litros-gel-de-bano-ecologico\/#primaryimage"},"image":{"@id":"https:\/\/rrr-biocosmetics.com\/producto\/garrafa-5-litros-gel-de-bano-ecologico\/#primaryimage"},"thumbnailUrl":"https:\/\/rrr-biocosmetics.com\/wp-content\/uploads\/2025\/02\/rrr-biocosmetics-garrafa-gel-1.jpg","datePublished":"2025-02-25T08:25:28+00:00","dateModified":"2025-02-25T10:30:22+00:00","description":"Compra online un champ\u00fa acondicionador ecol\u00f3gico, vegano elaborado con ingredientes naturales y org\u00e1nicos. Champ\u00fa acondicionador de aloe vera id\u00f3neo para ayudar a definir los rizos y a combatir el pelo encrespado. \u00a1Entra!","breadcrumb":{"@id":"https:\/\/rrr-biocosmetics.com\/producto\/garrafa-5-litros-gel-de-bano-ecologico\/#breadcrumb"},"inLanguage":"ca","potentialAction":[{"@type":"ReadAction","target":["https:\/\/rrr-biocosmetics.com\/producto\/garrafa-5-litros-gel-de-bano-ecologico\/"]}]},{"@type":"ImageObject","inLanguage":"ca","@id":"https:\/\/rrr-biocosmetics.com\/producto\/garrafa-5-litros-gel-de-bano-ecologico\/#primaryimage","url":"https:\/\/rrr-biocosmetics.com\/wp-content\/uploads\/2025\/02\/rrr-biocosmetics-garrafa-gel-1.jpg","contentUrl":"https:\/\/rrr-biocosmetics.com\/wp-content\/uploads\/2025\/02\/rrr-biocosmetics-garrafa-gel-1.jpg","width":1500,"height":1500},{"@type":"BreadcrumbList","@id":"https:\/\/rrr-biocosmetics.com\/producto\/garrafa-5-litros-gel-de-bano-ecologico\/#breadcrumb","itemListElement":[{"@type":"ListItem","position":1,"name":"Portada","item":"https:\/\/rrr-biocosmetics.com\/ca\/rrrbiocosmetics\/"},{"@type":"ListItem","position":2,"name":"Productos","item":"https:\/\/rrr-biocosmetics.com\/shop\/"},{"@type":"ListItem","position":3,"name":"GARRAFA 5 LITRES GEL DE BANY ECOL\u00d2GIC"}]},{"@type":"WebSite","@id":"https:\/\/rrr-biocosmetics.com\/#website","url":"https:\/\/rrr-biocosmetics.com\/","name":"RRR Biocosmetics","description":"Reduces Reutilizas Reciclas","publisher":{"@id":"https:\/\/rrr-biocosmetics.com\/#organization"},"potentialAction":[{"@type":"SearchAction","target":{"@type":"EntryPoint","urlTemplate":"https:\/\/rrr-biocosmetics.com\/?s={search_term_string}"},"query-input":{"@type":"PropertyValueSpecification","valueRequired":true,"valueName":"search_term_string"}}],"inLanguage":"ca"},{"@type":"Organization","@id":"https:\/\/rrr-biocosmetics.com\/#organization","name":"RRR Biocosmetics","url":"https:\/\/rrr-biocosmetics.com\/","logo":{"@type":"ImageObject","inLanguage":"ca","@id":"https:\/\/rrr-biocosmetics.com\/#\/schema\/logo\/image\/","url":"https:\/\/rrr-biocosmetics.com\/wp-content\/uploads\/2020\/05\/logo-sota-gif.png","contentUrl":"https:\/\/rrr-biocosmetics.com\/wp-content\/uploads\/2020\/05\/logo-sota-gif.png","width":650,"height":84,"caption":"RRR Biocosmetics"},"image":{"@id":"https:\/\/rrr-biocosmetics.com\/#\/schema\/logo\/image\/"}}]}},"_links":{"self":[{"href":"https:\/\/rrr-biocosmetics.com\/ca\/wp-json\/wp\/v2\/product\/9131","targetHints":{"allow":["GET"]}}],"collection":[{"href":"https:\/\/rrr-biocosmetics.com\/ca\/wp-json\/wp\/v2\/product"}],"about":[{"href":"https:\/\/rrr-biocosmetics.com\/ca\/wp-json\/wp\/v2\/types\/product"}],"replies":[{"embeddable":true,"href":"https:\/\/rrr-biocosmetics.com\/ca\/wp-json\/wp\/v2\/comments?post=9131"}],"wp:featuredmedia":[{"embeddable":true,"href":"https:\/\/rrr-biocosmetics.com\/ca\/wp-json\/wp\/v2\/media\/9135"}],"wp:attachment":[{"href":"https:\/\/rrr-biocosmetics.com\/ca\/wp-json\/wp\/v2\/media?parent=9131"}],"wp:term":[{"taxonomy":"product_brand","embeddable":true,"href":"https:\/\/rrr-biocosmetics.com\/ca\/wp-json\/wp\/v2\/product_brand?post=9131"},{"taxonomy":"product_cat","embeddable":true,"href":"https:\/\/rrr-biocosmetics.com\/ca\/wp-json\/wp\/v2\/product_cat?post=9131"},{"taxonomy":"product_tag","embeddable":true,"href":"https:\/\/rrr-biocosmetics.com\/ca\/wp-json\/wp\/v2\/product_tag?post=9131"}],"curies":[{"name":"wp","href":"https:\/\/api.w.org\/{rel}","templated":true}]}}